{"id":12,"date":"2021-05-22T23:28:31","date_gmt":"2021-05-23T02:28:31","guid":{"rendered":"http:\/\/www.dralexandregurgel.com.br\/w\/?page_id=12"},"modified":"2021-07-23T18:31:20","modified_gmt":"2021-07-23T21:31:20","slug":"quem-somos","status":"publish","type":"page","link":"https:\/\/www.dralexandregurgel.com.br\/w\/quem-somos\/","title":{"rendered":"Quem Somos"},"content":{"rendered":"\n<p>O <strong>ESPA\u00c7O VETERIN\u00c1RIO DR ALEXANDRE GURGEL<\/strong> \u00e9 o resultado de quase 20 anos empreendendo no mercado veterin\u00e1rio desde nossa primeira clinica inaugurada em 2003.<\/p>\n\n\n\n<p>Somos dois apaixonados pela medicina veterin\u00e1ria e  acreditamos que a sa\u00fade animal est\u00e1 intimamente integrada com a sa\u00fade humana. Durante esses quase 20 anos de espa\u00e7o pr\u00f3prio aprendemos que os animais de companhia n\u00e3o podem ser vistos e tratados como um n\u00famero ou estat\u00edstica, cada um possui uma hist\u00f3ria pr\u00f3pria com suas particularidades e um ambiente espec\u00edfico no qual est\u00e1 inserido, e tudo isso deve ser levado em conta na hora de definir o tratamento mais adequado. Com todos esses anos de experi\u00eancia cl\u00ednica e cir\u00fargica adquirimos muita experi\u00eancia em casos complexos e de dif\u00edcil resolu\u00e7\u00e3o, tanto cl\u00ednica como cirurgicamente.<\/p>\n\n\n\n<p><strong>SOMOS<\/strong><\/p>\n\n\n\n<p><strong>Dr<\/strong>. <strong>Alexandre Rossi Gurgel<\/strong> &#8211; CRMV\/SP 8881, \u00e9 casado e tem dois filhos.<br>Formado em Medicina Veterin\u00e1ria pela UNIVERSIDADE ESTADUAL PAULISTA &#8211; UNESP &#8211; campos de Ara\u00e7atuba, em 1995 e exerce a profiss\u00e3o h\u00e1 26 anos.<br>Nestas mais de duas d\u00e9cadas atuando como m\u00e9dico veterin\u00e1rio, sempre trabalhou com atendimento cl\u00ednico e cir\u00fargico em Hospitais Veterin\u00e1rios, Cl\u00ednicas Veterin\u00e1rias e ONGs, realizou servi\u00e7o volunt\u00e1rio no tratamento de fauna selvagem para o SEMASA de Santo Andr\u00e9 por ocasi\u00e3o da obra do Rodoanel.<br>Al\u00e9m disso \u00e9 especializado em Radiologia de pequenos animais em 1999 pelo Instituto Veterin\u00e1rio de Imagem e especializado em Cl\u00ednica e Cirurgia de Animais Selvagens e Ex\u00f3ticos em 2008 pela Universidade Castelo Branco. Em 2014 concluiu o Curso de Aprimoramento em Medicina Felina pelo Centro de Ensino e Treinamento em Anatomia e Cirurgia Veterin\u00e1ria.<\/p>\n\n\n\n<p><strong>Dra. Ana Paula Darr\u00e9 Peres Gurgel<\/strong> &#8211; CRMV\/SP 12581, \u00e9 casada, tem 1 filho. <br>Formada pela Universidade de S\u00e3o Paulo &#8211; USP, em 1999, tendo atuado em cl\u00ednicas de pequenos animais e laborat\u00f3rios de an\u00e1lise cl\u00ednica.<\/p>\n","protected":false},"excerpt":{"rendered":"<p>O ESPA\u00c7O VETERIN\u00c1RIO DR ALEXANDRE GURGEL \u00e9 o resultado de quase 20 anos empreendendo no mercado veterin\u00e1rio desde nossa primeira clinica inaugurada em 2003. Somos<\/p>\n<div class=\"read-more-wrapper\"><a class=\"link small\" href=\"https:\/\/www.dralexandregurgel.com.br\/w\/quem-somos\/\" role=\"button\">Read more<span class=\"nc-icon-glyph arrows-1_bold-right\"><\/span><\/a><\/div>\n","protected":false},"author":1,"featured_media":0,"parent":0,"menu_order":0,"comment_status":"closed","ping_status":"closed","template":"","meta":[],"yoast_head":"<!-- This site is optimized with the Yoast SEO plugin v20.7 - https:\/\/yoast.com\/wordpress\/plugins\/seo\/ -->\n<title>Quem Somos | Espa\u00e7o Veterin\u00e1rio Dr. Alexandre Gurgel<\/title>\n<meta name=\"robots\" content=\"index, follow, max-snippet:-1, max-image-preview:large, max-video-preview:-1\" \/>\n<link rel=\"canonical\" href=\"https:\/\/www.dralexandregurgel.com.br\/w\/quem-somos\/\" \/>\n<meta property=\"og:locale\" content=\"pt_BR\" \/>\n<meta property=\"og:type\" content=\"article\" \/>\n<meta property=\"og:title\" content=\"Quem Somos | Espa\u00e7o Veterin\u00e1rio Dr. Alexandre Gurgel\" \/>\n<meta property=\"og:description\" content=\"O ESPA\u00c7O VETERIN\u00c1RIO DR ALEXANDRE GURGEL \u00e9 o resultado de quase 20 anos empreendendo no mercado veterin\u00e1rio desde nossa primeira clinica inaugurada em 2003. SomosRead more\" \/>\n<meta property=\"og:url\" content=\"https:\/\/www.dralexandregurgel.com.br\/w\/quem-somos\/\" \/>\n<meta property=\"og:site_name\" content=\"Espa\u00e7o Veterin\u00e1rio Dr. Alexandre Gurgel\" \/>\n<meta property=\"article:publisher\" content=\"https:\/\/www.facebook.com\/Drgurgel\/\" \/>\n<meta property=\"article:modified_time\" content=\"2021-07-23T21:31:20+00:00\" \/>\n<meta property=\"og:image\" content=\"https:\/\/www.dralexandregurgel.com.br\/w\/wp-content\/uploads\/2021\/06\/cropped-logo_DrAlexandre.png\" \/>\n\t<meta property=\"og:image:width\" content=\"218\" \/>\n\t<meta property=\"og:image:height\" content=\"80\" \/>\n\t<meta property=\"og:image:type\" content=\"image\/png\" \/>\n<meta name=\"twitter:card\" content=\"summary_large_image\" \/>\n<meta name=\"twitter:label1\" content=\"Est. tempo de leitura\" \/>\n\t<meta name=\"twitter:data1\" content=\"2 minutos\" \/>\n<script type=\"application\/ld+json\" class=\"yoast-schema-graph\">{\"@context\":\"https:\/\/schema.org\",\"@graph\":[{\"@type\":\"WebPage\",\"@id\":\"https:\/\/www.dralexandregurgel.com.br\/w\/quem-somos\/\",\"url\":\"https:\/\/www.dralexandregurgel.com.br\/w\/quem-somos\/\",\"name\":\"Quem Somos | Espa\u00e7o Veterin\u00e1rio Dr. Alexandre Gurgel\",\"isPartOf\":{\"@id\":\"https:\/\/www.dralexandregurgel.com.br\/w\/#website\"},\"datePublished\":\"2021-05-23T02:28:31+00:00\",\"dateModified\":\"2021-07-23T21:31:20+00:00\",\"breadcrumb\":{\"@id\":\"https:\/\/www.dralexandregurgel.com.br\/w\/quem-somos\/#breadcrumb\"},\"inLanguage\":\"pt-BR\",\"potentialAction\":[{\"@type\":\"ReadAction\",\"target\":[\"https:\/\/www.dralexandregurgel.com.br\/w\/quem-somos\/\"]}]},{\"@type\":\"BreadcrumbList\",\"@id\":\"https:\/\/www.dralexandregurgel.com.br\/w\/quem-somos\/#breadcrumb\",\"itemListElement\":[{\"@type\":\"ListItem\",\"position\":1,\"name\":\"In\u00edcio\",\"item\":\"https:\/\/www.dralexandregurgel.com.br\/w\/\"},{\"@type\":\"ListItem\",\"position\":2,\"name\":\"Quem Somos\"}]},{\"@type\":\"WebSite\",\"@id\":\"https:\/\/www.dralexandregurgel.com.br\/w\/#website\",\"url\":\"https:\/\/www.dralexandregurgel.com.br\/w\/\",\"name\":\"Espa\u00e7o Veterin\u00e1rio Dr. Alexandre Gurgel\",\"description\":\"Atendemos Silvestres\",\"publisher\":{\"@id\":\"https:\/\/www.dralexandregurgel.com.br\/w\/#organization\"},\"potentialAction\":[{\"@type\":\"SearchAction\",\"target\":{\"@type\":\"EntryPoint\",\"urlTemplate\":\"https:\/\/www.dralexandregurgel.com.br\/w\/?s={search_term_string}\"},\"query-input\":\"required name=search_term_string\"}],\"inLanguage\":\"pt-BR\"},{\"@type\":\"Organization\",\"@id\":\"https:\/\/www.dralexandregurgel.com.br\/w\/#organization\",\"name\":\"Espa\u00e7o Veterin\u00e1rio Dr Alexandre Gurgel\",\"url\":\"https:\/\/www.dralexandregurgel.com.br\/w\/\",\"logo\":{\"@type\":\"ImageObject\",\"inLanguage\":\"pt-BR\",\"@id\":\"https:\/\/www.dralexandregurgel.com.br\/w\/#\/schema\/logo\/image\/\",\"url\":\"http:\/\/www.dralexandregurgel.com.br\/w\/wp-content\/uploads\/2021\/06\/cropped-logo_DrAlexandre.png\",\"contentUrl\":\"http:\/\/www.dralexandregurgel.com.br\/w\/wp-content\/uploads\/2021\/06\/cropped-logo_DrAlexandre.png\",\"width\":218,\"height\":80,\"caption\":\"Espa\u00e7o Veterin\u00e1rio Dr Alexandre Gurgel\"},\"image\":{\"@id\":\"https:\/\/www.dralexandregurgel.com.br\/w\/#\/schema\/logo\/image\/\"},\"sameAs\":[\"https:\/\/www.facebook.com\/Drgurgel\/\"]}]}<\/script>\n<!-- \/ Yoast SEO plugin. -->","yoast_head_json":{"title":"Quem Somos | Espa\u00e7o Veterin\u00e1rio Dr. Alexandre Gurgel","robots":{"index":"index","follow":"follow","max-snippet":"max-snippet:-1","max-image-preview":"max-image-preview:large","max-video-preview":"max-video-preview:-1"},"canonical":"https:\/\/www.dralexandregurgel.com.br\/w\/quem-somos\/","og_locale":"pt_BR","og_type":"article","og_title":"Quem Somos | Espa\u00e7o Veterin\u00e1rio Dr. Alexandre Gurgel","og_description":"O ESPA\u00c7O VETERIN\u00c1RIO DR ALEXANDRE GURGEL \u00e9 o resultado de quase 20 anos empreendendo no mercado veterin\u00e1rio desde nossa primeira clinica inaugurada em 2003. SomosRead more","og_url":"https:\/\/www.dralexandregurgel.com.br\/w\/quem-somos\/","og_site_name":"Espa\u00e7o Veterin\u00e1rio Dr. Alexandre Gurgel","article_publisher":"https:\/\/www.facebook.com\/Drgurgel\/","article_modified_time":"2021-07-23T21:31:20+00:00","og_image":[{"width":218,"height":80,"url":"https:\/\/www.dralexandregurgel.com.br\/w\/wp-content\/uploads\/2021\/06\/cropped-logo_DrAlexandre.png","type":"image\/png"}],"twitter_card":"summary_large_image","twitter_misc":{"Est. tempo de leitura":"2 minutos"},"schema":{"@context":"https:\/\/schema.org","@graph":[{"@type":"WebPage","@id":"https:\/\/www.dralexandregurgel.com.br\/w\/quem-somos\/","url":"https:\/\/www.dralexandregurgel.com.br\/w\/quem-somos\/","name":"Quem Somos | Espa\u00e7o Veterin\u00e1rio Dr. Alexandre Gurgel","isPartOf":{"@id":"https:\/\/www.dralexandregurgel.com.br\/w\/#website"},"datePublished":"2021-05-23T02:28:31+00:00","dateModified":"2021-07-23T21:31:20+00:00","breadcrumb":{"@id":"https:\/\/www.dralexandregurgel.com.br\/w\/quem-somos\/#breadcrumb"},"inLanguage":"pt-BR","potentialAction":[{"@type":"ReadAction","target":["https:\/\/www.dralexandregurgel.com.br\/w\/quem-somos\/"]}]},{"@type":"BreadcrumbList","@id":"https:\/\/www.dralexandregurgel.com.br\/w\/quem-somos\/#breadcrumb","itemListElement":[{"@type":"ListItem","position":1,"name":"In\u00edcio","item":"https:\/\/www.dralexandregurgel.com.br\/w\/"},{"@type":"ListItem","position":2,"name":"Quem Somos"}]},{"@type":"WebSite","@id":"https:\/\/www.dralexandregurgel.com.br\/w\/#website","url":"https:\/\/www.dralexandregurgel.com.br\/w\/","name":"Espa\u00e7o Veterin\u00e1rio Dr. Alexandre Gurgel","description":"Atendemos Silvestres","publisher":{"@id":"https:\/\/www.dralexandregurgel.com.br\/w\/#organization"},"potentialAction":[{"@type":"SearchAction","target":{"@type":"EntryPoint","urlTemplate":"https:\/\/www.dralexandregurgel.com.br\/w\/?s={search_term_string}"},"query-input":"required name=search_term_string"}],"inLanguage":"pt-BR"},{"@type":"Organization","@id":"https:\/\/www.dralexandregurgel.com.br\/w\/#organization","name":"Espa\u00e7o Veterin\u00e1rio Dr Alexandre Gurgel","url":"https:\/\/www.dralexandregurgel.com.br\/w\/","logo":{"@type":"ImageObject","inLanguage":"pt-BR","@id":"https:\/\/www.dralexandregurgel.com.br\/w\/#\/schema\/logo\/image\/","url":"http:\/\/www.dralexandregurgel.com.br\/w\/wp-content\/uploads\/2021\/06\/cropped-logo_DrAlexandre.png","contentUrl":"http:\/\/www.dralexandregurgel.com.br\/w\/wp-content\/uploads\/2021\/06\/cropped-logo_DrAlexandre.png","width":218,"height":80,"caption":"Espa\u00e7o Veterin\u00e1rio Dr Alexandre Gurgel"},"image":{"@id":"https:\/\/www.dralexandregurgel.com.br\/w\/#\/schema\/logo\/image\/"},"sameAs":["https:\/\/www.facebook.com\/Drgurgel\/"]}]}},"_links":{"self":[{"href":"https:\/\/www.dralexandregurgel.com.br\/w\/wp-json\/wp\/v2\/pages\/12"}],"collection":[{"href":"https:\/\/www.dralexandregurgel.com.br\/w\/wp-json\/wp\/v2\/pages"}],"about":[{"href":"https:\/\/www.dralexandregurgel.com.br\/w\/wp-json\/wp\/v2\/types\/page"}],"author":[{"embeddable":true,"href":"https:\/\/www.dralexandregurgel.com.br\/w\/wp-json\/wp\/v2\/users\/1"}],"replies":[{"embeddable":true,"href":"https:\/\/www.dralexandregurgel.com.br\/w\/wp-json\/wp\/v2\/comments?post=12"}],"version-history":[{"count":8,"href":"https:\/\/www.dralexandregurgel.com.br\/w\/wp-json\/wp\/v2\/pages\/12\/revisions"}],"predecessor-version":[{"id":179,"href":"https:\/\/www.dralexandregurgel.com.br\/w\/wp-json\/wp\/v2\/pages\/12\/revisions\/179"}],"wp:attachment":[{"href":"https:\/\/www.dralexandregurgel.com.br\/w\/wp-json\/wp\/v2\/media?parent=12"}],"curies":[{"name":"wp","href":"https:\/\/api.w.org\/{rel}","templated":true}]}}